{"id":110108,"date":"2017-05-18T11:40:20","date_gmt":"2017-05-18T09:40:20","guid":{"rendered":"https:\/\/inlingua-ostschweiz.ch\/about-us\/offene-stellen\/"},"modified":"2026-04-23T14:49:11","modified_gmt":"2026-04-23T12:49:11","slug":"job-offers","status":"publish","type":"page","link":"https:\/\/inlingua-ostschweiz.ch\/en\/about-us\/job-offers\/","title":{"rendered":"Job Offers"},"content":{"rendered":"<section class=\"l-section wpb_row us_custom_79d475ad has_text_color height_auto width_full\"><div class=\"l-section-h i-cf\"><div class=\"g-cols vc_row via_flex valign_top type_default stacking_default\"><div class=\"vc_col-sm-6 wpb_column vc_column_container\"><div class=\"vc_column-inner us_custom_be3606da\"><div class=\"wpb_wrapper\"><div class=\"w-image has_ratio align_none\"><div class=\"w-image-h\"><div style=\"padding-bottom:100%\"><\/div><img decoding=\"async\" width=\"600\" height=\"600\" src=\"https:\/\/inlingua-ostschweiz.ch\/wp-content\/uploads\/2025\/06\/Inlingua73-600x600.jpg\" class=\"attachment-us_600_600_crop size-us_600_600_crop\" alt=\"\" loading=\"lazy\" \/><\/div><\/div><\/div><\/div><\/div><div class=\"vc_col-sm-6 wpb_column vc_column_container vh100_col\"><div class=\"vc_column-inner\"><div class=\"wpb_wrapper\"><div class=\"wpb_text_column vh100_p\"><div class=\"wpb_wrapper\"><h4 style=\"text-align: center;\">About us<\/h4>\n<h3 style=\"text-align: center;\">Job Offers<\/h3>\n<h4 style=\"text-align: center;\">Languages change your life<\/h4>\n<\/div><\/div><\/div><\/div><\/div><\/div><\/div><\/section><section class=\"l-section wpb_row ext-row height_medium\"><div class=\"l-section-h i-cf\"><div class=\"g-cols vc_row via_flex valign_middle type_default stacking_default\"><div class=\"vc_col-sm-12 wpb_column vc_column_container\"><div class=\"vc_column-inner\"><div class=\"wpb_wrapper\"><div class=\"wpb_text_column\"><div class=\"wpb_wrapper\"><h2>Work with us!<\/h2>\n<p>With over 300 language schools worldwide and roots in Switzerland, inlingua relies on the best and brightest in all it does \u2013 from effective teaching to efficient administration. Our working environment is international and multicultural \u2013 that goes without saying. Moreover, inlingua is decidedly business-oriented and that means focused on success.<\/p>\n<\/div><\/div><\/div><\/div><\/div><\/div><\/div><\/section><section class=\"l-section wpb_row ext-row height_medium\"><div class=\"l-section-h i-cf\"><div class=\"g-cols vc_row via_flex valign_top type_default stacking_default\"><div class=\"vc_col-sm-12 wpb_column vc_column_container\"><div class=\"vc_column-inner\"><div class=\"wpb_wrapper\"><div class=\"aio-icon-component    style_1\"><div id=\"Info-box-wrap-8770\" class=\"aio-icon-box left-icon\" style=\"\"  ><div class=\"aio-icon-left\"><div class=\"ult-just-icon-wrapper  \"><div class=\"align-icon\" style=\"text-align:center;\">\n<div class=\"aio-icon none \"  style=\"color:#ba0731;font-size:32px;display:inline-block;\">\n\t<i class=\"Defaults-user\"><\/i>\n<\/div><\/div><\/div><\/div><div class=\"aio-ibd-block\"><div class=\"aio-icon-header\" ><h4 class=\"aio-icon-title ult-responsive\"  data-ultimate-target='#Info-box-wrap-8770 .aio-icon-title'  data-responsive-json-new='{\"font-size\":\"\",\"line-height\":\"\"}'  style=\"\">We thank you for your interest in our language school<\/h4><\/div> <!-- header --><\/div> <!-- aio-ibd-block --><\/div> <!-- aio-icon-box --><\/div> <!-- aio-icon-component --><div class=\"wpb_text_column us_custom_af6a9b6a hide_on_default hide_on_laptops hide_on_tablets hide_on_mobiles\"><div class=\"wpb_wrapper\"><h3>Kursleiter\/in f\u00fcr Englisch, Deutsch, Franz\u00f6sisch oder Spanisch im Stundenlohn<\/h3>\n<p>F\u00fcr unsere Sprachschule suchen wir per sofort oder nach Vereinbarung muttersprachliche<br \/>\nKursleiter\/innen f\u00fcr die Regionen Thurgau, St. Gallen, Appenzell Ausser- und Innerrhoden.<\/p>\n<p><strong>Ihr Profil:<\/strong><\/p>\n<ul>\n<li>Englisch, Deutsch, Franz\u00f6sisch oder Spanisch ist Ihre Muttersprache<\/li>\n<li>Didaktische Ausbildung (Studium, Lehrdiplom, SVEB \u2026)<\/li>\n<li>In der Region (TG, SG, AR oder AI) wohnhaft<\/li>\n<li>Unterrichtserfahrung<\/li>\n<li>Erfahrung im Onlineunterricht<\/li>\n<li>Selbst\u00e4ndigkeit<\/li>\n<li>Flexibel und mobil<\/li>\n<\/ul>\n<p><strong>Wir bieten:<\/strong><\/p>\n<ul>\n<li>Einf\u00fchrung in die inlingua-Methode<\/li>\n<li>Faire Anstellungsbedingungen<\/li>\n<li>Engagiertes und hilfsbereites Team<\/li>\n<li>Arbeitszeiten nach Absprache<\/li>\n<li>Freiraum f\u00fcr Ideen<\/li>\n<\/ul>\n<p>Wir freuen uns auf Ihre vollst\u00e4ndige schriftliche Bewerbung mit Foto, Lebenslauf, Zeugnissen und<br \/>\nReferenzen in elektronischer Form an: <a href=\"mailto:s.boesch@inlingua-ostschweiz.ch\">s.boesch@inlingua-ostschweiz.ch<\/a><\/p>\n<p>Kontaktperson f\u00fcr Ausk\u00fcnfte:<br \/>\nFrau Sabrina B\u00f6sch, Inhaberin und Gesch\u00e4ftsf\u00fchrerin<br \/>\n<a href=\"mailto:s.boesch@inlingua-ostschweiz.ch\">s.boesch@inlingua-ostschweiz.ch<\/a> oder <a href=\"tel:0041713523333\">071 352 33 33<\/a><\/p>\n<p><a href=\"https:\/\/inlingua-ostschweiz.ch\/wp-content\/uploads\/2023\/01\/Stellenausschreibung.pdf\" target=\"_blank\" rel=\"noopener\">PDF-Stellenbeschrieb ansehen<\/a><\/p>\n<\/div><\/div><\/div><\/div><\/div><\/div><\/div><\/section><section class=\"l-section wpb_row height_medium\"><div class=\"l-section-h i-cf\"><div class=\"g-cols vc_row via_flex valign_top type_default stacking_default\"><div class=\"vc_col-sm-12 wpb_column vc_column_container\"><div class=\"vc_column-inner us_custom_5cd26a65\"><div class=\"wpb_wrapper\"><div class=\"w-actionbox color_secondary controls_right\"><div class=\"w-actionbox-text\"><h4 class=\"w-actionbox-title\">Does it appeal to you?<\/h4><div class=\"w-actionbox-description\"><p>We look forward to receiving your fupp application documents be e-mail.<\/p>\n<\/div><\/div><div class=\"w-actionbox-controls\"><a class=\"w-btn us-btn-style_1\" href=\"mailto:info@inlingua-ostschweiz.ch\"><span class=\"w-btn-label\">Contact us<\/span><\/a><\/div><\/div><\/div><\/div><\/div><\/div><\/div><\/section><section class=\"l-section wpb_row height_medium\"><div class=\"l-section-h i-cf\"><div class=\"g-cols vc_row via_flex valign_top type_default stacking_default\"><div class=\"vc_col-sm-12 wpb_column vc_column_container\"><div class=\"vc_column-inner us_custom_aa12ce14\"><div class=\"wpb_wrapper\"><div class=\"ult-spacer spacer-69f1d0b7c32c3\" data-id=\"69f1d0b7c32c3\" data-height=\"50\" data-height-mobile=\"50\" data-height-tab=\"50\" data-height-tab-portrait=\"\" data-height-mobile-landscape=\"\" style=\"clear:both;display:block;\"><\/div><\/div><\/div><\/div><\/div><\/div><\/section>\n","protected":false},"excerpt":{"rendered":"About us Job Offers Languages change your life Work with us! With over 300 language schools worldwide and roots in Switzerland, inlingua relies on the best and brightest in all it does \u2013 from effective teaching to efficient administration. Our working environment is international and multicultural \u2013 that goes without saying. Moreover, inlingua is decidedly...","protected":false},"author":12,"featured_media":0,"parent":302,"menu_order":7,"comment_status":"closed","ping_status":"closed","template":"","meta":{"_acf_changed":false,"footnotes":""},"class_list":["post-110108","page","type-page","status-publish","hentry"],"acf":[],"yoast_head":"<!-- This site is optimized with the Yoast SEO plugin v27.5 - https:\/\/yoast.com\/product\/yoast-seo-wordpress\/ -->\n<title>Job Offers - inlingua Ostschweiz<\/title>\n<meta name=\"robots\" content=\"index, follow, max-snippet:-1, max-image-preview:large, max-video-preview:-1\" \/>\n<link rel=\"canonical\" href=\"https:\/\/inlingua-ostschweiz.ch\/en\/about-us\/job-offers\/\" \/>\n<meta property=\"og:locale\" content=\"en_US\" \/>\n<meta property=\"og:type\" content=\"article\" \/>\n<meta property=\"og:title\" content=\"Job Offers - inlingua Ostschweiz\" \/>\n<meta property=\"og:url\" content=\"https:\/\/inlingua-ostschweiz.ch\/en\/about-us\/job-offers\/\" \/>\n<meta property=\"og:site_name\" content=\"inlingua Ostschweiz\" \/>\n<meta property=\"article:modified_time\" content=\"2026-04-23T12:49:11+00:00\" \/>\n<meta name=\"twitter:card\" content=\"summary_large_image\" \/>\n<meta name=\"twitter:label1\" content=\"Est. reading time\" \/>\n\t<meta name=\"twitter:data1\" content=\"2 minutes\" \/>\n<script type=\"application\/ld+json\" class=\"yoast-schema-graph\">{\"@context\":\"https:\\\/\\\/schema.org\",\"@graph\":[{\"@type\":\"WebPage\",\"@id\":\"https:\\\/\\\/inlingua-ostschweiz.ch\\\/en\\\/about-us\\\/job-offers\\\/\",\"url\":\"https:\\\/\\\/inlingua-ostschweiz.ch\\\/en\\\/about-us\\\/job-offers\\\/\",\"name\":\"Job Offers - inlingua Ostschweiz\",\"isPartOf\":{\"@id\":\"https:\\\/\\\/inlingua-ostschweiz.ch\\\/en\\\/#website\"},\"datePublished\":\"2017-05-18T09:40:20+00:00\",\"dateModified\":\"2026-04-23T12:49:11+00:00\",\"breadcrumb\":{\"@id\":\"https:\\\/\\\/inlingua-ostschweiz.ch\\\/en\\\/about-us\\\/job-offers\\\/#breadcrumb\"},\"inLanguage\":\"en-US\",\"potentialAction\":[{\"@type\":\"ReadAction\",\"target\":[\"https:\\\/\\\/inlingua-ostschweiz.ch\\\/en\\\/about-us\\\/job-offers\\\/\"]}]},{\"@type\":\"BreadcrumbList\",\"@id\":\"https:\\\/\\\/inlingua-ostschweiz.ch\\\/en\\\/about-us\\\/job-offers\\\/#breadcrumb\",\"itemListElement\":[{\"@type\":\"ListItem\",\"position\":1,\"name\":\"Startseite\",\"item\":\"https:\\\/\\\/inlingua-ostschweiz.ch\\\/en\\\/\"},{\"@type\":\"ListItem\",\"position\":2,\"name\":\"About us\",\"item\":\"https:\\\/\\\/inlingua-ostschweiz.ch\\\/en\\\/about-us\\\/\"},{\"@type\":\"ListItem\",\"position\":3,\"name\":\"Job Offers\"}]},{\"@type\":\"WebSite\",\"@id\":\"https:\\\/\\\/inlingua-ostschweiz.ch\\\/en\\\/#website\",\"url\":\"https:\\\/\\\/inlingua-ostschweiz.ch\\\/en\\\/\",\"name\":\"inlingua Ostschweiz\",\"description\":\"Ihre Sprachschule in der Ostschweiz\",\"publisher\":{\"@id\":\"https:\\\/\\\/inlingua-ostschweiz.ch\\\/en\\\/#organization\"},\"potentialAction\":[{\"@type\":\"SearchAction\",\"target\":{\"@type\":\"EntryPoint\",\"urlTemplate\":\"https:\\\/\\\/inlingua-ostschweiz.ch\\\/en\\\/?s={search_term_string}\"},\"query-input\":{\"@type\":\"PropertyValueSpecification\",\"valueRequired\":true,\"valueName\":\"search_term_string\"}}],\"inLanguage\":\"en-US\"},{\"@type\":\"Organization\",\"@id\":\"https:\\\/\\\/inlingua-ostschweiz.ch\\\/en\\\/#organization\",\"name\":\"inlingua Ostschweiz\",\"url\":\"https:\\\/\\\/inlingua-ostschweiz.ch\\\/en\\\/\",\"logo\":{\"@type\":\"ImageObject\",\"inLanguage\":\"en-US\",\"@id\":\"https:\\\/\\\/inlingua-ostschweiz.ch\\\/en\\\/#\\\/schema\\\/logo\\\/image\\\/\",\"url\":\"https:\\\/\\\/inlingua-ostschweiz.ch\\\/wp-content\\\/uploads\\\/2019\\\/04\\\/logo-inlingua.svg\",\"contentUrl\":\"https:\\\/\\\/inlingua-ostschweiz.ch\\\/wp-content\\\/uploads\\\/2019\\\/04\\\/logo-inlingua.svg\",\"width\":\"1024\",\"height\":\"1024\",\"caption\":\"inlingua Ostschweiz\"},\"image\":{\"@id\":\"https:\\\/\\\/inlingua-ostschweiz.ch\\\/en\\\/#\\\/schema\\\/logo\\\/image\\\/\"}}]}<\/script>\n<!-- \/ Yoast SEO plugin. -->","yoast_head_json":{"title":"Job Offers - inlingua Ostschweiz","robots":{"index":"index","follow":"follow","max-snippet":"max-snippet:-1","max-image-preview":"max-image-preview:large","max-video-preview":"max-video-preview:-1"},"canonical":"https:\/\/inlingua-ostschweiz.ch\/en\/about-us\/job-offers\/","og_locale":"en_US","og_type":"article","og_title":"Job Offers - inlingua Ostschweiz","og_url":"https:\/\/inlingua-ostschweiz.ch\/en\/about-us\/job-offers\/","og_site_name":"inlingua Ostschweiz","article_modified_time":"2026-04-23T12:49:11+00:00","twitter_card":"summary_large_image","twitter_misc":{"Est. reading time":"2 minutes"},"schema":{"@context":"https:\/\/schema.org","@graph":[{"@type":"WebPage","@id":"https:\/\/inlingua-ostschweiz.ch\/en\/about-us\/job-offers\/","url":"https:\/\/inlingua-ostschweiz.ch\/en\/about-us\/job-offers\/","name":"Job Offers - inlingua Ostschweiz","isPartOf":{"@id":"https:\/\/inlingua-ostschweiz.ch\/en\/#website"},"datePublished":"2017-05-18T09:40:20+00:00","dateModified":"2026-04-23T12:49:11+00:00","breadcrumb":{"@id":"https:\/\/inlingua-ostschweiz.ch\/en\/about-us\/job-offers\/#breadcrumb"},"inLanguage":"en-US","potentialAction":[{"@type":"ReadAction","target":["https:\/\/inlingua-ostschweiz.ch\/en\/about-us\/job-offers\/"]}]},{"@type":"BreadcrumbList","@id":"https:\/\/inlingua-ostschweiz.ch\/en\/about-us\/job-offers\/#breadcrumb","itemListElement":[{"@type":"ListItem","position":1,"name":"Startseite","item":"https:\/\/inlingua-ostschweiz.ch\/en\/"},{"@type":"ListItem","position":2,"name":"About us","item":"https:\/\/inlingua-ostschweiz.ch\/en\/about-us\/"},{"@type":"ListItem","position":3,"name":"Job Offers"}]},{"@type":"WebSite","@id":"https:\/\/inlingua-ostschweiz.ch\/en\/#website","url":"https:\/\/inlingua-ostschweiz.ch\/en\/","name":"inlingua Ostschweiz","description":"Ihre Sprachschule in der Ostschweiz","publisher":{"@id":"https:\/\/inlingua-ostschweiz.ch\/en\/#organization"},"potentialAction":[{"@type":"SearchAction","target":{"@type":"EntryPoint","urlTemplate":"https:\/\/inlingua-ostschweiz.ch\/en\/?s={search_term_string}"},"query-input":{"@type":"PropertyValueSpecification","valueRequired":true,"valueName":"search_term_string"}}],"inLanguage":"en-US"},{"@type":"Organization","@id":"https:\/\/inlingua-ostschweiz.ch\/en\/#organization","name":"inlingua Ostschweiz","url":"https:\/\/inlingua-ostschweiz.ch\/en\/","logo":{"@type":"ImageObject","inLanguage":"en-US","@id":"https:\/\/inlingua-ostschweiz.ch\/en\/#\/schema\/logo\/image\/","url":"https:\/\/inlingua-ostschweiz.ch\/wp-content\/uploads\/2019\/04\/logo-inlingua.svg","contentUrl":"https:\/\/inlingua-ostschweiz.ch\/wp-content\/uploads\/2019\/04\/logo-inlingua.svg","width":"1024","height":"1024","caption":"inlingua Ostschweiz"},"image":{"@id":"https:\/\/inlingua-ostschweiz.ch\/en\/#\/schema\/logo\/image\/"}}]}},"_links":{"self":[{"href":"https:\/\/inlingua-ostschweiz.ch\/en\/wp-json\/wp\/v2\/pages\/110108","targetHints":{"allow":["GET"]}}],"collection":[{"href":"https:\/\/inlingua-ostschweiz.ch\/en\/wp-json\/wp\/v2\/pages"}],"about":[{"href":"https:\/\/inlingua-ostschweiz.ch\/en\/wp-json\/wp\/v2\/types\/page"}],"author":[{"embeddable":true,"href":"https:\/\/inlingua-ostschweiz.ch\/en\/wp-json\/wp\/v2\/users\/12"}],"replies":[{"embeddable":true,"href":"https:\/\/inlingua-ostschweiz.ch\/en\/wp-json\/wp\/v2\/comments?post=110108"}],"version-history":[{"count":1,"href":"https:\/\/inlingua-ostschweiz.ch\/en\/wp-json\/wp\/v2\/pages\/110108\/revisions"}],"predecessor-version":[{"id":119323,"href":"https:\/\/inlingua-ostschweiz.ch\/en\/wp-json\/wp\/v2\/pages\/110108\/revisions\/119323"}],"up":[{"embeddable":true,"href":"https:\/\/inlingua-ostschweiz.ch\/en\/wp-json\/wp\/v2\/pages\/302"}],"wp:attachment":[{"href":"https:\/\/inlingua-ostschweiz.ch\/en\/wp-json\/wp\/v2\/media?parent=110108"}],"curies":[{"name":"wp","href":"https:\/\/api.w.org\/{rel}","templated":true}]}}