{"id":109615,"date":"2017-11-21T14:36:50","date_gmt":"2017-11-21T13:36:50","guid":{"rendered":"http:\/\/devbiel.inlingua.ch\/terms-and-conditions\/"},"modified":"2025-01-13T14:52:53","modified_gmt":"2025-01-13T13:52:53","slug":"gtcs","status":"publish","type":"page","link":"https:\/\/inlingua-ostschweiz.ch\/en\/gtcs\/","title":{"rendered":"GTCs"},"content":{"rendered":"<section class=\"l-section wpb_row us_custom_79d475ad has_text_color height_auto width_full\"><div class=\"l-section-h i-cf\"><div class=\"g-cols vc_row via_flex valign_top type_default stacking_default\"><div class=\"vc_col-sm-6 wpb_column vc_column_container\"><div class=\"vc_column-inner us_custom_be3606da\"><div class=\"wpb_wrapper\"><div class=\"w-image align_none\"><div class=\"w-image-h\"><img decoding=\"async\" class=\"g-placeholder\" src=\"https:\/\/inlingua-ostschweiz.ch\/wp-content\/plugins\/us-core\/assets\/images\/placeholder.svg\" width=\"\" height=\"\" alt><\/div><\/div><\/div><\/div><\/div><div class=\"vc_col-sm-6 wpb_column vc_column_container vh100_col\"><div class=\"vc_column-inner\"><div class=\"wpb_wrapper\"><div class=\"wpb_text_column vh100_p\"><div class=\"wpb_wrapper\"><h4 style=\"text-align: center;\">inlingua Ostschweiz<\/h4>\n<h3 style=\"text-align: center;\">Allgemeine Gesch\u00e4ftsbedingungen<\/h3>\n<h4 style=\"text-align: center;\">Sprachen ver\u00e4ndern Ihr Leben<\/h4>\n<\/div><\/div><\/div><\/div><\/div><\/div><\/div><\/section><section class=\"l-section wpb_row height_medium\"><div class=\"l-section-h i-cf\"><div class=\"g-cols vc_row via_flex valign_top type_default stacking_default\"><div class=\"vc_col-sm-12 wpb_column vc_column_container ext-row\"><div class=\"vc_column-inner\"><div class=\"wpb_wrapper\"><div class=\"wpb_text_column\"><div class=\"wpb_wrapper\"><h1>Allgemeine Gesch\u00e4ftsbedingungen<\/h1>\n<p>G\u00fcltig ab 1. Januar 2023<\/p>\n<p><strong>Allgemeines<\/strong><br \/>\nDie Sprachschule Ostschweiz GmbH, im Folgenden inlingua Ostschweiz genannt, bietet der Kundin \/ dem Kunden<br \/>\nDienstleistungen in Form von Sprachunterricht (online und physisch) an. Der Sprachunterricht wird in Schullektionen<br \/>\nunterteilt.<\/p>\n<p>Die Dauer einer Schullektion betr\u00e4gt 45 Minuten. Darin eingeschlossen ist eine Pause von 5 Minuten.<\/p>\n<p><strong>Abwesenheiten \u2012 Einzelunterricht<\/strong><br \/>\nDie Teilnehmenden legen ihren Stundenplan im Einvernehmen mit dem Schulsekretariat fest. Vereinbarte Termine<br \/>\nk\u00f6nnen durch einen Anruf im Schulsekretariat (071 352 33 33) oder per E-Mail (info@inlingua-ostschweiz.ch) abgesagt<br \/>\noder verschoben werden. Die Meldung muss bis sp\u00e4testens 16.00 Uhr am vorhergehenden Tag eingegangen sein (f\u00fcr<br \/>\nTermine am Montag gilt Freitag, 16.00 Uhr, der Vorwoche). Absagen, die nach 16.00 Uhr im Sekretariat eintreffen,<br \/>\ngelten als zu sp\u00e4t bekannt gegeben. Dann wird der Termin normal berechnet.<\/p>\n<p><strong>Unterbruch oder Transfer des Einzelunterrichts nach Kursbeginn<\/strong><br \/>\nWird ein Kurs im Einzelunterricht unterbrochen, bleibt das Lektionen-Guthaben ein Jahr ab Einschreibetermin g\u00fcltig.<br \/>\nDer Gegenwert des Lektionen-Guthabens kann innerhalb dieser Frist f\u00fcr einen anderen Kurs eingesetzt, auf Dritte<br \/>\n\u00fcbertragen oder an eine andere inlingua Schule in der Schweiz transferiert werden. Die Bekanntgabe l\u00e4ngerer<br \/>\nUnterbr\u00fcche hat schriftlich zu erfolgen. Bei Wiederaufnahme des Unterrichts muss der Stundenplan neu festgelegt<br \/>\nwerden. Wurde der Kurs von einer Firma bezahlt, so geh\u00f6rt das Guthaben ausschliesslich dieser Firma und kann von<br \/>\nihr auch f\u00fcr eine andere Person der Firma eingesetzt werden.<\/p>\n<p><strong>Stornierung oder Verschiebung eines Gruppenkurses vor Kursbeginn<br \/>\n<\/strong>Eine Stornierung oder Verschiebung f\u00fcr einen Kurs ist mit administrativem Aufwand verbunden, wof\u00fcr eine Bearbeitungsgeb\u00fchr von CHF 150.00 erhoben wird. Die Stornierung \/ Verschiebung hat schriftlich per Brief oder E-Mail zu erfolgen.\u00a0 Je nach Abmeldezeitpunkt kann die Kursgeb\u00fchr ganz oder teilweise erlassen werden.<\/p>\n<table>\n<tbody>\n<tr>\n<td width=\"321\"><strong>Abmeldezeitpunkt<\/strong><\/td>\n<td width=\"321\"><strong>R\u00fcckerstattung<\/strong><\/td>\n<\/tr>\n<tr>\n<td width=\"321\">Bis 14 Tage vor Kursbeginn<\/td>\n<td width=\"321\">100 % des Rechnungsbetrags<\/td>\n<\/tr>\n<tr>\n<td width=\"321\">Bis 7 Tage vor Kursbeginn<\/td>\n<td width=\"321\">50% des Rechnungsbetrags<\/td>\n<\/tr>\n<tr>\n<td width=\"321\">Unter 7 Tage vor Kursbeginn<\/td>\n<td width=\"321\">Keine R\u00fcckerstattung<\/td>\n<\/tr>\n<\/tbody>\n<\/table>\n<p>F\u00fcr die Wahrung der Frist gilt das Eingangsdatum bei inlingua Ostschweiz.<\/p>\n<p><strong>K\u00fcndigung eines Gruppenkurses nach Kursbeginn<\/strong><br \/>\nKurse haben eine feste Laufzeit und sind nicht k\u00fcndbar. Bei Abmeldungen w\u00e4hrend der vereinbarten Kursdauer oder<br \/>\nbei Nichterscheinen bei Kursbeginn ist der gesamte gebuchte Kurs zur Zahlung f\u00e4llig. Es erfolgt keine R\u00fcckerstattung<br \/>\noder Gutschrift f\u00fcr schon einbezahlte Kursgelder. In Ausnahmef\u00e4llen kann auf schriftliches Gesuch an die Schulleitung<br \/>\nhin \u2012 unter Ber\u00fccksichtigung besonderer Umst\u00e4nde \u2012 eine Gutschrift f\u00fcr einen sp\u00e4teren Kursbesuch erteilt werden.<\/p>\n<p><strong>Teilnehmerzahl<\/strong><br \/>\nWird die Mindestteilnehmerzahl einer Gruppe nicht erreicht, so ist die Schulleitung berechtigt, den Kurs nicht<br \/>\ndurchzuf\u00fchren bzw. aufzul\u00f6sen oder die Schulstunden zu reduzieren.<\/p>\n<p><strong>Abwesenheiten \u2012 Gruppenkurse<\/strong><br \/>\nErsatz f\u00fcr vers\u00e4umte Lektionen kann nicht gew\u00e4hrt werden. Dies gilt auch bei Krankheit und anderen Verhinderungen,<br \/>\nwelche nicht in den Verantwortungsbereich der Schule fallen.<\/p>\n<p><strong>Anmeldung und Zahlungsbedingungen<\/strong><br \/>\nEine definitive Anmeldung hat schriftlich zu erfolgen. Nachdem sich eine Kursteilnehmerin \/ ein Kursteilnehmer f\u00fcr<br \/>\neinen Kurs angemeldet hat, erh\u00e4lt er von uns eine Anmeldebest\u00e4tigung und einen Einzahlungsschein. Der dort<br \/>\naufgef\u00fchrte Zahlungstermin ist verbindlich. Gegen eine Geb\u00fchr von CHF 15.00 pro Rate sind Ratenzahlungen bei<br \/>\nWohnsitz oder Sitz in der Schweiz innerhalb der Kursdauer m\u00f6glich.<br \/>\ninlingua Ostschweiz beh\u00e4lt sich das Recht vor, bereits begonnene Sprachkurse abzubrechen, wenn die Zahlung nicht<br \/>\nfristgerecht erfolgt ist. Die Anmeldung verpflichtet zur Zahlung des Kursgeldes. Das Unterlassen der Kursgeldzahlung<br \/>\ngilt nicht als Abmeldung.<\/p>\n<p>Zuteilung der Lehrperson<br \/>\ninlingua Ostschweiz beh\u00e4lt sich vor, die eingesetzte Lehrkraft vor\u00fcbergehend oder auf Dauer durch eine andere<br \/>\nLehrperson zu ersetzen.<\/p>\n<p><strong>Lehrmittel<\/strong><br \/>\nDie Kosten f\u00fcr Lehrmittel sind nicht in der Kursgeb\u00fchr enthalten, sondern werden separat in Rechnung gestellt.<\/p>\n<p><strong>Beschwerden<\/strong><br \/>\ninlingua Ostschweiz sucht und findet stets L\u00f6sungen f\u00fcr m\u00f6gliche Probleme der Teilnehmenden. In solchen F\u00e4llen oder<br \/>\nbei Beschwerden wenden Sie sich an das Schulsekretariat (<a href=\"mailto:info@inlingua-ostschweiz.ch\">info@inlingua-ostschweiz.ch<\/a>).<\/p>\n<p><strong>Abwerben von Mitarbeitenden<\/strong><br \/>\nDas Abwerben bzw. Einstellen von Mitarbeitenden der inlingua Ostschweiz durch die Kundin \/ den Kunden hat w\u00e4hrend und 24 Monate nach Beendigung der Durchf\u00fchrung von Sprachunterrichtsleistungen die Zahlung eines halben Jahressal\u00e4rs des betreffenden Mitarbeitenden (bzw. von mindestens CHF 40\u2009000.00) durch die Kundin \/ den Kunden an die inlingua Ostschweiz zur Folge.<\/p>\n<p><strong>Datenschutz<\/strong><br \/>\ninlingua Ostschweiz verwendet Ihre pers\u00f6nlichen Daten ausschliesslich f\u00fcr interne Zwecke wie Korrespondenz und Informationen zu neuen Angeboten. Die von der Kundin \/ vom Kunden \u00fcbermittelten Daten werden vertraulich behandelt.<\/p>\n<p>Aus datenschutz- und pers\u00f6nlichkeitsrechtlichen Gr\u00fcnden sind Videoaufnahmen, insbesondere bei Onlinekursen, untersagt.<\/p>\n<p>Personenbezogene Daten, die von den Vertragsparteien im Rahmen dieser Vereinbarung bereitgestellt werden, werden gem\u00e4ss den Bestimmungen des DSG verarbeitet. Weitere Informationen k\u00f6nnen der Datenschutzerkl\u00e4rung von inlingua Ostschweiz entnommen werden.<\/p>\n<p>Zust\u00e4ndig f\u00fcr Angelegenheiten im datenschutzrechtlichen Bereich im Zusammenhang mit dem vorliegenden Vertragswerk ist die schweizerische Datenschutzbeh\u00f6rde (ED\u00d6B).<\/p>\n<p><strong>Versicherung \/ Haftung<\/strong><br \/>\nF\u00fcr alle von inlingua Ostschweiz organisierten Kurse oder Veranstaltungen schliessen wir jegliche Haftung f\u00fcr entstandene Sch\u00e4den aus. Sie sind daher selbst f\u00fcr eine ausreichende Versicherungsdeckung verantwortlich. Das Benutzen der Anlagen, in denen Schulungen und Pr\u00fcfungen stattfinden, erfolgt auf eigene Gefahr. F\u00fcr Diebstahl und Verlust von Gegenst\u00e4nden kann inlingua Ostschweiz nicht haftbar gemacht werden. Die Kundin \/ der Kunde ist f\u00fcr die<br \/>\nEinhaltung der Hausordnung und anderer schriftlichen Regelungen der genutzten Anlagen selbst verantwortlich. Aus der m\u00fcndlichen Beratung und Auskunft vor\/w\u00e4hrend\/nach den Schullektionen entstehen keinerlei Haftungsanspr\u00fcche oder Schadenersatzforderungen irgendwelcher Art; diese gelten in gesetzlich m\u00f6glichem Umfang als wegbedungen.<\/p>\n<p>F\u00fcr Personen- und Sachsch\u00e4den, welche dem Kunden von inlingua Ostschweiz, dessen Arbeitnehmendem oder durch von inlingua Ostschweiz beauftragten Dritten absichtlich oder grobfahrl\u00e4ssig zugef\u00fcgt wurden, haftet inlingua Ostschweiz im Rahmen der gesetzlichen Haftpflichtbestimmungen. Dies gilt sowohl f\u00fcr die vertragliche als auch die ausservertragliche Haftung. Die Haftung f\u00fcr leichte Fahrl\u00e4ssigkeit gilt ausdr\u00fccklich als wegbedungen.<\/p>\n<p><strong>Programm- und Preis\u00e4nderungen<\/strong><br \/>\nProgramm- und Preis\u00e4nderungen sowie \u00c4nderungen der Allgemeinen Gesch\u00e4ftsbedingungen bleiben vorbehalten. Die Programmangebote und Preislisten k\u00f6nnen auf der Internetseite von inlingua Ostschweiz (<a href=\"https:\/\/inlingua-ostschweiz.ch\/\">www.inlingua-ostschweiz.ch<\/a>) abgerufen werden.<\/p>\n<p><strong>Gerichtsstand<\/strong><br \/>\nSollte es zu un\u00fcberbr\u00fcckbaren Differenzen kommen und werden juristische Schritte unternommen, so ist der Gerichtsstand f\u00fcr beide Parteien am Sitz von inlingua Ostschweiz zust\u00e4ndig.<\/p>\n<p><strong>Anwendbares Recht<\/strong><br \/>\nAnwendbares Recht ist ausschliesslich schweizerisches materielles Recht. Die Bestimmungen des internationalen Privatrechts (IPRG, Wienerkaufrecht (CISG) sowie von weiteren Staatsvertr\u00e4gen) werden, sofern gesetzlich zul\u00e4ssig, ausdr\u00fccklich ausgeschlossen.<\/p>\n<p><a href=\"https:\/\/inlingua-ostschweiz.ch\/wp-content\/uploads\/2025\/01\/AGB_gueltig-ab-10.01.2025-1.pdf\" target=\"_blank\" rel=\"noopener\">PDF AGB inlingua-ostschweiz<\/a><\/p>\n<p>&nbsp;<\/p>\n<p>Letzte aktualisierte Version vom 10.01.2025<\/p>\n<\/div><\/div><\/div><\/div><\/div><\/div><\/div><\/section><section class=\"l-section wpb_row height_medium\"><div class=\"l-section-h i-cf\"><div class=\"g-cols vc_row via_flex valign_top type_default stacking_default\"><div class=\"vc_col-sm-12 wpb_column vc_column_container\"><div class=\"vc_column-inner\"><div class=\"wpb_wrapper\"><div class=\"ult-spacer spacer-69ef97ffe404c\" data-id=\"69ef97ffe404c\" data-height=\"50\" data-height-mobile=\"50\" data-height-tab=\"50\" data-height-tab-portrait=\"\" data-height-mobile-landscape=\"\" style=\"clear:both;display:block;\"><\/div><\/div><\/div><\/div><\/div><\/div><\/section>\n","protected":false},"excerpt":{"rendered":"inlingua Ostschweiz Allgemeine Gesch\u00e4ftsbedingungen Sprachen ver\u00e4ndern Ihr Leben Allgemeine Gesch\u00e4ftsbedingungen G\u00fcltig ab 1. Januar 2023 Allgemeines Die Sprachschule Ostschweiz GmbH, im Folgenden inlingua Ostschweiz genannt, bietet der Kundin \/ dem Kunden Dienstleistungen in Form von Sprachunterricht (online und physisch) an. Der Sprachunterricht wird in Schullektionen unterteilt. Die Dauer einer Schullektion betr\u00e4gt 45 Minuten. Darin eingeschlossen...","protected":false},"author":12,"featured_media":0,"parent":0,"menu_order":0,"comment_status":"closed","ping_status":"closed","template":"","meta":{"_acf_changed":false,"footnotes":""},"class_list":["post-109615","page","type-page","status-publish","hentry"],"acf":[],"yoast_head":"<!-- This site is optimized with the Yoast SEO plugin v27.4 - https:\/\/yoast.com\/product\/yoast-seo-wordpress\/ -->\n<title>GTCs - inlingua Ostschweiz<\/title>\n<meta name=\"robots\" content=\"index, follow, max-snippet:-1, max-image-preview:large, max-video-preview:-1\" \/>\n<link rel=\"canonical\" href=\"https:\/\/inlingua-ostschweiz.ch\/en\/gtcs\/\" \/>\n<meta property=\"og:locale\" content=\"en_US\" \/>\n<meta property=\"og:type\" content=\"article\" \/>\n<meta property=\"og:title\" content=\"GTCs - inlingua Ostschweiz\" \/>\n<meta property=\"og:url\" content=\"https:\/\/inlingua-ostschweiz.ch\/en\/gtcs\/\" \/>\n<meta property=\"og:site_name\" content=\"inlingua Ostschweiz\" \/>\n<meta property=\"article:modified_time\" content=\"2025-01-13T13:52:53+00:00\" \/>\n<meta name=\"twitter:card\" content=\"summary_large_image\" \/>\n<meta name=\"twitter:label1\" content=\"Est. reading time\" \/>\n\t<meta name=\"twitter:data1\" content=\"10 minutes\" \/>\n<script type=\"application\/ld+json\" class=\"yoast-schema-graph\">{\"@context\":\"https:\\\/\\\/schema.org\",\"@graph\":[{\"@type\":\"WebPage\",\"@id\":\"https:\\\/\\\/inlingua-ostschweiz.ch\\\/en\\\/gtcs\\\/\",\"url\":\"https:\\\/\\\/inlingua-ostschweiz.ch\\\/en\\\/gtcs\\\/\",\"name\":\"GTCs - inlingua Ostschweiz\",\"isPartOf\":{\"@id\":\"https:\\\/\\\/inlingua-ostschweiz.ch\\\/en\\\/#website\"},\"datePublished\":\"2017-11-21T13:36:50+00:00\",\"dateModified\":\"2025-01-13T13:52:53+00:00\",\"breadcrumb\":{\"@id\":\"https:\\\/\\\/inlingua-ostschweiz.ch\\\/en\\\/gtcs\\\/#breadcrumb\"},\"inLanguage\":\"en-US\",\"potentialAction\":[{\"@type\":\"ReadAction\",\"target\":[\"https:\\\/\\\/inlingua-ostschweiz.ch\\\/en\\\/gtcs\\\/\"]}]},{\"@type\":\"BreadcrumbList\",\"@id\":\"https:\\\/\\\/inlingua-ostschweiz.ch\\\/en\\\/gtcs\\\/#breadcrumb\",\"itemListElement\":[{\"@type\":\"ListItem\",\"position\":1,\"name\":\"Startseite\",\"item\":\"https:\\\/\\\/inlingua-ostschweiz.ch\\\/en\\\/\"},{\"@type\":\"ListItem\",\"position\":2,\"name\":\"GTCs\"}]},{\"@type\":\"WebSite\",\"@id\":\"https:\\\/\\\/inlingua-ostschweiz.ch\\\/en\\\/#website\",\"url\":\"https:\\\/\\\/inlingua-ostschweiz.ch\\\/en\\\/\",\"name\":\"inlingua Ostschweiz\",\"description\":\"Ihre Sprachschule in der Ostschweiz\",\"publisher\":{\"@id\":\"https:\\\/\\\/inlingua-ostschweiz.ch\\\/en\\\/#organization\"},\"potentialAction\":[{\"@type\":\"SearchAction\",\"target\":{\"@type\":\"EntryPoint\",\"urlTemplate\":\"https:\\\/\\\/inlingua-ostschweiz.ch\\\/en\\\/?s={search_term_string}\"},\"query-input\":{\"@type\":\"PropertyValueSpecification\",\"valueRequired\":true,\"valueName\":\"search_term_string\"}}],\"inLanguage\":\"en-US\"},{\"@type\":\"Organization\",\"@id\":\"https:\\\/\\\/inlingua-ostschweiz.ch\\\/en\\\/#organization\",\"name\":\"inlingua Ostschweiz\",\"url\":\"https:\\\/\\\/inlingua-ostschweiz.ch\\\/en\\\/\",\"logo\":{\"@type\":\"ImageObject\",\"inLanguage\":\"en-US\",\"@id\":\"https:\\\/\\\/inlingua-ostschweiz.ch\\\/en\\\/#\\\/schema\\\/logo\\\/image\\\/\",\"url\":\"https:\\\/\\\/inlingua-ostschweiz.ch\\\/wp-content\\\/uploads\\\/2019\\\/04\\\/logo-inlingua.svg\",\"contentUrl\":\"https:\\\/\\\/inlingua-ostschweiz.ch\\\/wp-content\\\/uploads\\\/2019\\\/04\\\/logo-inlingua.svg\",\"width\":\"1024\",\"height\":\"1024\",\"caption\":\"inlingua Ostschweiz\"},\"image\":{\"@id\":\"https:\\\/\\\/inlingua-ostschweiz.ch\\\/en\\\/#\\\/schema\\\/logo\\\/image\\\/\"}}]}<\/script>\n<!-- \/ Yoast SEO plugin. -->","yoast_head_json":{"title":"GTCs - inlingua Ostschweiz","robots":{"index":"index","follow":"follow","max-snippet":"max-snippet:-1","max-image-preview":"max-image-preview:large","max-video-preview":"max-video-preview:-1"},"canonical":"https:\/\/inlingua-ostschweiz.ch\/en\/gtcs\/","og_locale":"en_US","og_type":"article","og_title":"GTCs - inlingua Ostschweiz","og_url":"https:\/\/inlingua-ostschweiz.ch\/en\/gtcs\/","og_site_name":"inlingua Ostschweiz","article_modified_time":"2025-01-13T13:52:53+00:00","twitter_card":"summary_large_image","twitter_misc":{"Est. reading time":"10 minutes"},"schema":{"@context":"https:\/\/schema.org","@graph":[{"@type":"WebPage","@id":"https:\/\/inlingua-ostschweiz.ch\/en\/gtcs\/","url":"https:\/\/inlingua-ostschweiz.ch\/en\/gtcs\/","name":"GTCs - inlingua Ostschweiz","isPartOf":{"@id":"https:\/\/inlingua-ostschweiz.ch\/en\/#website"},"datePublished":"2017-11-21T13:36:50+00:00","dateModified":"2025-01-13T13:52:53+00:00","breadcrumb":{"@id":"https:\/\/inlingua-ostschweiz.ch\/en\/gtcs\/#breadcrumb"},"inLanguage":"en-US","potentialAction":[{"@type":"ReadAction","target":["https:\/\/inlingua-ostschweiz.ch\/en\/gtcs\/"]}]},{"@type":"BreadcrumbList","@id":"https:\/\/inlingua-ostschweiz.ch\/en\/gtcs\/#breadcrumb","itemListElement":[{"@type":"ListItem","position":1,"name":"Startseite","item":"https:\/\/inlingua-ostschweiz.ch\/en\/"},{"@type":"ListItem","position":2,"name":"GTCs"}]},{"@type":"WebSite","@id":"https:\/\/inlingua-ostschweiz.ch\/en\/#website","url":"https:\/\/inlingua-ostschweiz.ch\/en\/","name":"inlingua Ostschweiz","description":"Ihre Sprachschule in der Ostschweiz","publisher":{"@id":"https:\/\/inlingua-ostschweiz.ch\/en\/#organization"},"potentialAction":[{"@type":"SearchAction","target":{"@type":"EntryPoint","urlTemplate":"https:\/\/inlingua-ostschweiz.ch\/en\/?s={search_term_string}"},"query-input":{"@type":"PropertyValueSpecification","valueRequired":true,"valueName":"search_term_string"}}],"inLanguage":"en-US"},{"@type":"Organization","@id":"https:\/\/inlingua-ostschweiz.ch\/en\/#organization","name":"inlingua Ostschweiz","url":"https:\/\/inlingua-ostschweiz.ch\/en\/","logo":{"@type":"ImageObject","inLanguage":"en-US","@id":"https:\/\/inlingua-ostschweiz.ch\/en\/#\/schema\/logo\/image\/","url":"https:\/\/inlingua-ostschweiz.ch\/wp-content\/uploads\/2019\/04\/logo-inlingua.svg","contentUrl":"https:\/\/inlingua-ostschweiz.ch\/wp-content\/uploads\/2019\/04\/logo-inlingua.svg","width":"1024","height":"1024","caption":"inlingua Ostschweiz"},"image":{"@id":"https:\/\/inlingua-ostschweiz.ch\/en\/#\/schema\/logo\/image\/"}}]}},"_links":{"self":[{"href":"https:\/\/inlingua-ostschweiz.ch\/en\/wp-json\/wp\/v2\/pages\/109615","targetHints":{"allow":["GET"]}}],"collection":[{"href":"https:\/\/inlingua-ostschweiz.ch\/en\/wp-json\/wp\/v2\/pages"}],"about":[{"href":"https:\/\/inlingua-ostschweiz.ch\/en\/wp-json\/wp\/v2\/types\/page"}],"author":[{"embeddable":true,"href":"https:\/\/inlingua-ostschweiz.ch\/en\/wp-json\/wp\/v2\/users\/12"}],"replies":[{"embeddable":true,"href":"https:\/\/inlingua-ostschweiz.ch\/en\/wp-json\/wp\/v2\/comments?post=109615"}],"version-history":[{"count":0,"href":"https:\/\/inlingua-ostschweiz.ch\/en\/wp-json\/wp\/v2\/pages\/109615\/revisions"}],"wp:attachment":[{"href":"https:\/\/inlingua-ostschweiz.ch\/en\/wp-json\/wp\/v2\/media?parent=109615"}],"curies":[{"name":"wp","href":"https:\/\/api.w.org\/{rel}","templated":true}]}}